{"id":9,"date":"2021-03-22T07:50:34","date_gmt":"2021-03-22T07:50:34","guid":{"rendered":"http:\/\/artninano.com\/?page_id=9"},"modified":"2022-03-17T10:01:24","modified_gmt":"2022-03-17T10:01:24","slug":"contact","status":"publish","type":"page","link":"https:\/\/artninano.com\/index.php\/contact\/","title":{"rendered":"Contact"},"content":{"rendered":"\t\t<div data-elementor-type=\"wp-page\" data-elementor-id=\"9\" class=\"elementor elementor-9\" data-elementor-settings=\"[]\">\n\t\t\t\t\t\t\t<div class=\"elementor-section-wrap\">\n\t\t\t\t\t\t\t<section class=\"elementor-section elementor-top-section elementor-element elementor-element-6808e8f elementor-section-boxed elementor-section-height-default elementor-section-height-default\" data-id=\"6808e8f\" data-element_type=\"section\">\n\t\t\t\t\t\t<div class=\"elementor-container elementor-column-gap-default\">\n\t\t\t\t\t<div class=\"elementor-column elementor-col-100 elementor-top-column elementor-element elementor-element-3060dd3\" data-id=\"3060dd3\" data-element_type=\"column\">\n\t\t\t<div class=\"elementor-widget-wrap elementor-element-populated\">\n\t\t\t\t\t\t\t\t<div class=\"elementor-element elementor-element-c497064 elementor-widget elementor-widget-text-editor\" data-id=\"c497064\" data-element_type=\"widget\" data-widget_type=\"text-editor.default\">\n\t\t\t\t<div class=\"elementor-widget-container\">\n\t\t\t\t\t<div class=\"elementor-text-editor elementor-clearfix\"><p>Sie haben offene Fragen z.B. zum Kauf der Bilder, zu Auftr\u00e4gen, zu den Preisen oder m\u00f6chten einfach nur ein Feedback abgeben, dann freue ich mich \u00fcber eine Kontaktaufnahme.<br \/>If you have any open questions, e.g. about the purchase of the pictures, about orders, about the prices or if you just want to give a feedback, I would be glad to hear from you.<\/p><\/div>\n\t\t\t\t<\/div>\n\t\t\t\t<\/div>\n\t\t\t\t<div class=\"elementor-element elementor-element-e723af7 elementor-button-align-center elementor-widget elementor-widget-form\" data-id=\"e723af7\" data-element_type=\"widget\" data-settings=\"{&quot;step_next_label&quot;:&quot;Next&quot;,&quot;step_previous_label&quot;:&quot;Previous&quot;,&quot;button_width&quot;:&quot;100&quot;,&quot;step_type&quot;:&quot;number_text&quot;,&quot;step_icon_shape&quot;:&quot;circle&quot;}\" data-widget_type=\"form.default\">\n\t\t\t\t<div class=\"elementor-widget-container\">\n\t\t\t\t\t<form class=\"elementor-form\" method=\"post\" name=\"ContactForm\">\n\t\t\t<input type=\"hidden\" name=\"post_id\" value=\"9\"\/>\n\t\t\t<input type=\"hidden\" name=\"form_id\" value=\"e723af7\"\/>\n\t\t\t<input type=\"hidden\" name=\"referer_title\" value=\"\" \/>\n\n\t\t\t\n\t\t\t<div class=\"elementor-form-fields-wrapper elementor-labels-above\">\n\t\t\t\t\t\t\t\t<div class=\"elementor-field-type-text elementor-field-group elementor-column elementor-field-group-firstname elementor-col-33\">\n\t\t\t\t\t<label for=\"form-field-firstname\" class=\"elementor-field-label\">First name<\/label><input size=\"1\" type=\"text\" name=\"form_fields[firstname]\" id=\"form-field-firstname\" class=\"elementor-field elementor-size-sm  elementor-field-textual\" placeholder=\"First name\">\t\t\t\t<\/div>\n\t\t\t\t\t\t\t\t<div class=\"elementor-field-type-text elementor-field-group elementor-column elementor-field-group-lastname elementor-col-33\">\n\t\t\t\t\t<label for=\"form-field-lastname\" class=\"elementor-field-label\">Last name<\/label><input size=\"1\" type=\"text\" name=\"form_fields[lastname]\" id=\"form-field-lastname\" class=\"elementor-field elementor-size-sm  elementor-field-textual\" placeholder=\"Last name\">\t\t\t\t<\/div>\n\t\t\t\t\t\t\t\t<div class=\"elementor-field-type-text elementor-field-group elementor-column elementor-field-group-company elementor-col-33\">\n\t\t\t\t\t<label for=\"form-field-company\" class=\"elementor-field-label\">Company<\/label><input size=\"1\" type=\"text\" name=\"form_fields[company]\" id=\"form-field-company\" class=\"elementor-field elementor-size-sm  elementor-field-textual\" placeholder=\"Company\">\t\t\t\t<\/div>\n\t\t\t\t\t\t\t\t<div class=\"elementor-field-type-text elementor-field-group elementor-column elementor-field-group-street elementor-col-50\">\n\t\t\t\t\t<label for=\"form-field-street\" class=\"elementor-field-label\">Street name<\/label><input size=\"1\" type=\"text\" name=\"form_fields[street]\" id=\"form-field-street\" class=\"elementor-field elementor-size-sm  elementor-field-textual\" placeholder=\"Street name\">\t\t\t\t<\/div>\n\t\t\t\t\t\t\t\t<div class=\"elementor-field-type-text elementor-field-group elementor-column elementor-field-group-house elementor-col-20\">\n\t\t\t\t\t<label for=\"form-field-house\" class=\"elementor-field-label\">House number<\/label><input size=\"1\" type=\"text\" name=\"form_fields[house]\" id=\"form-field-house\" class=\"elementor-field elementor-size-sm  elementor-field-textual\" placeholder=\"House number\">\t\t\t\t<\/div>\n\t\t\t\t\t\t\t\t<div class=\"elementor-field-type-text elementor-field-group elementor-column elementor-field-group-Addendum elementor-col-30\">\n\t\t\t\t\t<label for=\"form-field-Addendum\" class=\"elementor-field-label\">Addendum<\/label><input size=\"1\" type=\"text\" name=\"form_fields[Addendum]\" id=\"form-field-Addendum\" class=\"elementor-field elementor-size-sm  elementor-field-textual\" placeholder=\"Apartment, suite, unit, etc.\">\t\t\t\t<\/div>\n\t\t\t\t\t\t\t\t<div class=\"elementor-field-type-number elementor-field-group elementor-column elementor-field-group-postcode elementor-col-33\">\n\t\t\t\t\t<label for=\"form-field-postcode\" class=\"elementor-field-label\">Postcode \/ ZIP<\/label><input type=\"number\" name=\"form_fields[postcode]\" id=\"form-field-postcode\" class=\"elementor-field elementor-size-sm  elementor-field-textual\" placeholder=\"Postcode \/ ZIP\" min=\"\" max=\"\">\t\t\t\t<\/div>\n\t\t\t\t\t\t\t\t<div class=\"elementor-field-type-text elementor-field-group elementor-column elementor-field-group-town elementor-col-33\">\n\t\t\t\t\t<label for=\"form-field-town\" class=\"elementor-field-label\">Town \/ City<\/label><input size=\"1\" type=\"text\" name=\"form_fields[town]\" id=\"form-field-town\" class=\"elementor-field elementor-size-sm  elementor-field-textual\" placeholder=\"Town \/ City\">\t\t\t\t<\/div>\n\t\t\t\t\t\t\t\t<div class=\"elementor-field-type-text elementor-field-group elementor-column elementor-field-group-country elementor-col-33\">\n\t\t\t\t\t<label for=\"form-field-country\" class=\"elementor-field-label\">Country \/ Region<\/label><input size=\"1\" type=\"text\" name=\"form_fields[country]\" id=\"form-field-country\" class=\"elementor-field elementor-size-sm  elementor-field-textual\" placeholder=\"Country \/ Region\">\t\t\t\t<\/div>\n\t\t\t\t\t\t\t\t<div class=\"elementor-field-type-email elementor-field-group elementor-column elementor-field-group-email elementor-col-100 elementor-field-required elementor-mark-required\">\n\t\t\t\t\t<label for=\"form-field-email\" class=\"elementor-field-label\">Email<\/label><input size=\"1\" type=\"email\" name=\"form_fields[email]\" id=\"form-field-email\" class=\"elementor-field elementor-size-sm  elementor-field-textual\" placeholder=\"Email\" required=\"required\" aria-required=\"true\">\t\t\t\t<\/div>\n\t\t\t\t\t\t\t\t<div class=\"elementor-field-type-textarea elementor-field-group elementor-column elementor-field-group-message elementor-col-100\">\n\t\t\t\t\t<label for=\"form-field-message\" class=\"elementor-field-label\">Message<\/label><textarea class=\"elementor-field-textual elementor-field  elementor-size-sm\" name=\"form_fields[message]\" id=\"form-field-message\" rows=\"4\" placeholder=\"Message\"><\/textarea>\t\t\t\t<\/div>\n\t\t\t\t\t\t\t\t<div class=\"elementor-field-group elementor-column elementor-field-type-submit elementor-col-100 e-form__buttons\">\n\t\t\t\t\t<button type=\"submit\" class=\"elementor-button elementor-size-md\">\n\t\t\t\t\t\t<span >\n\t\t\t\t\t\t\t\t\t\t\t\t\t\t\t<span class=\" elementor-button-icon\">\n\t\t\t\t\t\t\t\t\t\t\t\t\t\t\t\t\t\t\t\t\t\t\t\t\t\t<\/span>\n\t\t\t\t\t\t\t\t\t\t\t\t\t\t\t\t\t\t\t\t\t\t<span class=\"elementor-button-text\">Submit<\/span>\n\t\t\t\t\t\t\t\t\t\t\t\t\t<\/span>\n\t\t\t\t\t<\/button>\n\t\t\t\t<\/div>\n\t\t\t<\/div>\n\t\t<\/form>\n\t\t\t\t<\/div>\n\t\t\t\t<\/div>\n\t\t\t\t\t<\/div>\n\t\t<\/div>\n\t\t\t\t\t\t\t<\/div>\n\t\t<\/section>\n\t\t\t\t\t\t<\/div>\n\t\t\t\t\t<\/div>\n\t\t","protected":false},"excerpt":{"rendered":"<p>Sie haben offene Fragen z.B. zum Kauf der Bilder, zu Auftr\u00e4gen, zu den Preisen oder m\u00f6chten einfach nur ein Feedback abgeben, dann freue ich mich \u00fcber eine Kontaktaufnahme.If you have any open questions, e.g. about the purchase of the pictures, about orders, about the prices or if you just want to give a feedback, I&hellip;&nbsp;<a href=\"https:\/\/artninano.com\/index.php\/contact\/\" class=\"\" rel=\"bookmark\">Read More &raquo;<span class=\"screen-reader-text\">Contact<\/span><\/a><\/p>\n","protected":false},"author":1,"featured_media":0,"parent":0,"menu_order":0,"comment_status":"closed","ping_status":"closed","template":"page-templates\/template-pagebuilder-full-width.php","meta":{"neve_meta_sidebar":"","neve_meta_container":"","neve_meta_enable_content_width":"on","neve_meta_content_width":100,"neve_meta_title_alignment":"","neve_meta_author_avatar":"","neve_post_elements_order":"","neve_meta_disable_header":"","neve_meta_disable_footer":"","neve_meta_disable_title":"on","_vp_format_video_url":"","_vp_image_focal_point":[],"footnotes":""},"class_list":["post-9","page","type-page","status-publish","hentry"],"_links":{"self":[{"href":"https:\/\/artninano.com\/index.php\/wp-json\/wp\/v2\/pages\/9","targetHints":{"allow":["GET"]}}],"collection":[{"href":"https:\/\/artninano.com\/index.php\/wp-json\/wp\/v2\/pages"}],"about":[{"href":"https:\/\/artninano.com\/index.php\/wp-json\/wp\/v2\/types\/page"}],"author":[{"embeddable":true,"href":"https:\/\/artninano.com\/index.php\/wp-json\/wp\/v2\/users\/1"}],"replies":[{"embeddable":true,"href":"https:\/\/artninano.com\/index.php\/wp-json\/wp\/v2\/comments?post=9"}],"version-history":[{"count":34,"href":"https:\/\/artninano.com\/index.php\/wp-json\/wp\/v2\/pages\/9\/revisions"}],"predecessor-version":[{"id":567,"href":"https:\/\/artninano.com\/index.php\/wp-json\/wp\/v2\/pages\/9\/revisions\/567"}],"wp:attachment":[{"href":"https:\/\/artninano.com\/index.php\/wp-json\/wp\/v2\/media?parent=9"}],"curies":[{"name":"wp","href":"https:\/\/api.w.org\/{rel}","templated":true}]}}